{"id":17,"date":"2014-02-18T20:50:13","date_gmt":"2014-02-18T19:50:13","guid":{"rendered":"http:\/\/www.ggarch.ch\/vela\/?page_id=17"},"modified":"2017-01-26T10:22:53","modified_gmt":"2017-01-26T09:22:53","slug":"la-barca","status":"publish","type":"page","link":"https:\/\/www.ggarch.ch\/vela\/?page_id=17","title":{"rendered":"la barca"},"content":{"rendered":"<p><strong>Vi presen<\/strong><strong>to One Moorea\u00a0<\/strong><strong style=\"line-height: 24px;\">II<br \/>\n<\/strong>vedi articolo pubblicato marted\u00ec 8 luglio sulla pagina <em>home:\u00a0<a href=\"https:\/\/www.ggarch.ch\/vela\/?p=250\">Vi presento One Moorea II<\/a><\/em><\/p>\n<p><em>28 giugn<\/em><em>o 2014<br \/>\n<\/em>Molto presto si chiamer\u00e0 One Moorea II e ricever\u00e0 il certificato di bandiera svizzero.<\/p>\n<p><em>Aggiornamento 1 maggio 2014<\/em><br \/>\nLa barca sar\u00e0 la mia casa itinerante per 3 mesi. Si tratta di una scelta importante. Quest&#8217;ultimo periodo \u00e8\u00a0stato pieno di avvenimenti ed \u00e8 ancora parecchio travagliato: sto acquistando <strong><em>Moorea II<\/em><\/strong>, un bellissimo Zuanelli Miller 31.<\/p>\n<p><a href=\"https:\/\/www.ggarch.ch\/vela\/wp-content\/uploads\/2014\/04\/tn_P1100366.jpg\"><img loading=\"lazy\" decoding=\"async\" class=\"alignnone wp-image-130\" src=\"https:\/\/www.ggarch.ch\/vela\/wp-content\/uploads\/2014\/04\/tn_P1100366-225x300.jpg\" alt=\"tn_P1100366\" width=\"178\" height=\"238\" srcset=\"https:\/\/www.ggarch.ch\/vela\/wp-content\/uploads\/2014\/04\/tn_P1100366-225x300.jpg 225w, https:\/\/www.ggarch.ch\/vela\/wp-content\/uploads\/2014\/04\/tn_P1100366-768x1024.jpg 768w, https:\/\/www.ggarch.ch\/vela\/wp-content\/uploads\/2014\/04\/tn_P1100366.jpg 1500w\" sizes=\"(max-width: 178px) 100vw, 178px\" \/><\/a>\u00a0\u00a0\u00a0\u00a0\u00a0\u00a0\u00a0\u00a0 \u00a0\u00a0 <a href=\"https:\/\/www.ggarch.ch\/vela\/wp-content\/uploads\/2014\/02\/foto1.jpg\"><img loading=\"lazy\" decoding=\"async\" class=\"alignnone wp-image-145\" style=\"width: 319px;\" src=\"https:\/\/www.ggarch.ch\/vela\/wp-content\/uploads\/2014\/02\/foto1.jpg\" alt=\"foto1\" width=\"306\" height=\"238\" \/><\/a><\/p>\n<p>Si tratta di una barca del 1979, 9.23 m di lunghezza per 3500 Kg e 53 mq di superficie velica.\u00a0Corrisponde bene alle mie esigenze e ai miei desideri: buone prestazioni a vela,\u00a0 spazi abitabili comodi per 3\/4 persone, sicura e maneggevole. Ha bisogno di qualche lavoretto per tornare in perfetta forma; le prime 2 settimane di questi 3 mesi li dedicher\u00f2 a questo. Imparer\u00f2 a conoscere tutti gli angoli pi\u00f9 nascosti di questa barca.<\/p>\n<p>&nbsp;<\/p>\n","protected":false},"excerpt":{"rendered":"<p>Vi presento One Moorea\u00a0II vedi articolo pubblicato marted\u00ec 8 luglio sulla pagina home:\u00a0Vi presento One Moorea II 28 giugno 2014 Molto presto si chiamer\u00e0 One Moorea II e ricever\u00e0 il certificato di bandiera svizzero. Aggiornamento 1 maggio 2014 La barca &hellip; <a href=\"https:\/\/www.ggarch.ch\/vela\/?page_id=17\">Continua a leggere<span class=\"meta-nav\">&rarr;<\/span><\/a><\/p>\n","protected":false},"author":1,"featured_media":0,"parent":0,"menu_order":0,"comment_status":"open","ping_status":"closed","template":"onecolumn-page.php","meta":{"footnotes":""},"yoast_head":"<!-- This site is optimized with the Yoast SEO plugin v24.5 - https:\/\/yoast.com\/wordpress\/plugins\/seo\/ -->\n<title>la barca - 3 mesi a vela in Mediterraneo - 2014<\/title>\n<meta name=\"robots\" content=\"index, follow, max-snippet:-1, max-image-preview:large, max-video-preview:-1\" \/>\n<link rel=\"canonical\" href=\"https:\/\/www.ggarch.ch\/vela\/?page_id=17\" \/>\n<meta property=\"og:locale\" content=\"it_IT\" \/>\n<meta property=\"og:type\" content=\"article\" \/>\n<meta property=\"og:title\" content=\"la barca - 3 mesi a vela in Mediterraneo - 2014\" \/>\n<meta property=\"og:description\" content=\"Vi presento One Moorea\u00a0II vedi articolo pubblicato marted\u00ec 8 luglio sulla pagina home:\u00a0Vi presento One Moorea II 28 giugno 2014 Molto presto si chiamer\u00e0 One Moorea II e ricever\u00e0 il certificato di bandiera svizzero. Aggiornamento 1 maggio 2014 La barca &hellip; Continua a leggere&rarr;\" \/>\n<meta property=\"og:url\" content=\"https:\/\/www.ggarch.ch\/vela\/?page_id=17\" \/>\n<meta property=\"og:site_name\" content=\"3 mesi a vela in Mediterraneo - 2014\" \/>\n<meta property=\"article:modified_time\" content=\"2017-01-26T09:22:53+00:00\" \/>\n<meta property=\"og:image\" content=\"http:\/\/www.ggarch.ch\/vela\/wp-content\/uploads\/2014\/04\/tn_P1100366-225x300.jpg\" \/>\n<meta name=\"twitter:card\" content=\"summary_large_image\" \/>\n<meta name=\"twitter:label1\" content=\"Tempo di lettura stimato\" \/>\n\t<meta name=\"twitter:data1\" content=\"1 minuto\" \/>\n<script type=\"application\/ld+json\" class=\"yoast-schema-graph\">{\"@context\":\"https:\/\/schema.org\",\"@graph\":[{\"@type\":\"WebPage\",\"@id\":\"https:\/\/www.ggarch.ch\/vela\/?page_id=17\",\"url\":\"https:\/\/www.ggarch.ch\/vela\/?page_id=17\",\"name\":\"la barca - 3 mesi a vela in Mediterraneo - 2014\",\"isPartOf\":{\"@id\":\"https:\/\/www.ggarch.ch\/vela\/#website\"},\"primaryImageOfPage\":{\"@id\":\"https:\/\/www.ggarch.ch\/vela\/?page_id=17#primaryimage\"},\"image\":{\"@id\":\"https:\/\/www.ggarch.ch\/vela\/?page_id=17#primaryimage\"},\"thumbnailUrl\":\"http:\/\/www.ggarch.ch\/vela\/wp-content\/uploads\/2014\/04\/tn_P1100366-225x300.jpg\",\"datePublished\":\"2014-02-18T19:50:13+00:00\",\"dateModified\":\"2017-01-26T09:22:53+00:00\",\"breadcrumb\":{\"@id\":\"https:\/\/www.ggarch.ch\/vela\/?page_id=17#breadcrumb\"},\"inLanguage\":\"it-IT\",\"potentialAction\":[{\"@type\":\"ReadAction\",\"target\":[\"https:\/\/www.ggarch.ch\/vela\/?page_id=17\"]}]},{\"@type\":\"ImageObject\",\"inLanguage\":\"it-IT\",\"@id\":\"https:\/\/www.ggarch.ch\/vela\/?page_id=17#primaryimage\",\"url\":\"https:\/\/www.ggarch.ch\/vela\/wp-content\/uploads\/2014\/04\/tn_P1100366.jpg\",\"contentUrl\":\"https:\/\/www.ggarch.ch\/vela\/wp-content\/uploads\/2014\/04\/tn_P1100366.jpg\",\"width\":1500,\"height\":2000},{\"@type\":\"BreadcrumbList\",\"@id\":\"https:\/\/www.ggarch.ch\/vela\/?page_id=17#breadcrumb\",\"itemListElement\":[{\"@type\":\"ListItem\",\"position\":1,\"name\":\"Home\",\"item\":\"https:\/\/www.ggarch.ch\/vela\"},{\"@type\":\"ListItem\",\"position\":2,\"name\":\"la barca\"}]},{\"@type\":\"WebSite\",\"@id\":\"https:\/\/www.ggarch.ch\/vela\/#website\",\"url\":\"https:\/\/www.ggarch.ch\/vela\/\",\"name\":\"3 mesi a vela in Mediterraneo - 2014\",\"description\":\"Nicola Galli\",\"publisher\":{\"@id\":\"https:\/\/www.ggarch.ch\/vela\/#\/schema\/person\/f879a53f969295066a7c469b62aaac93\"},\"potentialAction\":[{\"@type\":\"SearchAction\",\"target\":{\"@type\":\"EntryPoint\",\"urlTemplate\":\"https:\/\/www.ggarch.ch\/vela\/?s={search_term_string}\"},\"query-input\":{\"@type\":\"PropertyValueSpecification\",\"valueRequired\":true,\"valueName\":\"search_term_string\"}}],\"inLanguage\":\"it-IT\"},{\"@type\":[\"Person\",\"Organization\"],\"@id\":\"https:\/\/www.ggarch.ch\/vela\/#\/schema\/person\/f879a53f969295066a7c469b62aaac93\",\"name\":\"admin\",\"image\":{\"@type\":\"ImageObject\",\"inLanguage\":\"it-IT\",\"@id\":\"https:\/\/www.ggarch.ch\/vela\/#\/schema\/person\/image\/\",\"url\":\"https:\/\/www.ggarch.ch\/vela\/wp-content\/uploads\/2014\/07\/bandiera.jpg\",\"contentUrl\":\"https:\/\/www.ggarch.ch\/vela\/wp-content\/uploads\/2014\/07\/bandiera.jpg\",\"width\":640,\"height\":480,\"caption\":\"admin\"},\"logo\":{\"@id\":\"https:\/\/www.ggarch.ch\/vela\/#\/schema\/person\/image\/\"}}]}<\/script>\n<!-- \/ Yoast SEO plugin. -->","yoast_head_json":{"title":"la barca - 3 mesi a vela in Mediterraneo - 2014","robots":{"index":"index","follow":"follow","max-snippet":"max-snippet:-1","max-image-preview":"max-image-preview:large","max-video-preview":"max-video-preview:-1"},"canonical":"https:\/\/www.ggarch.ch\/vela\/?page_id=17","og_locale":"it_IT","og_type":"article","og_title":"la barca - 3 mesi a vela in Mediterraneo - 2014","og_description":"Vi presento One Moorea\u00a0II vedi articolo pubblicato marted\u00ec 8 luglio sulla pagina home:\u00a0Vi presento One Moorea II 28 giugno 2014 Molto presto si chiamer\u00e0 One Moorea II e ricever\u00e0 il certificato di bandiera svizzero. Aggiornamento 1 maggio 2014 La barca &hellip; Continua a leggere&rarr;","og_url":"https:\/\/www.ggarch.ch\/vela\/?page_id=17","og_site_name":"3 mesi a vela in Mediterraneo - 2014","article_modified_time":"2017-01-26T09:22:53+00:00","og_image":[{"url":"http:\/\/www.ggarch.ch\/vela\/wp-content\/uploads\/2014\/04\/tn_P1100366-225x300.jpg","type":"","width":"","height":""}],"twitter_card":"summary_large_image","twitter_misc":{"Tempo di lettura stimato":"1 minuto"},"schema":{"@context":"https:\/\/schema.org","@graph":[{"@type":"WebPage","@id":"https:\/\/www.ggarch.ch\/vela\/?page_id=17","url":"https:\/\/www.ggarch.ch\/vela\/?page_id=17","name":"la barca - 3 mesi a vela in Mediterraneo - 2014","isPartOf":{"@id":"https:\/\/www.ggarch.ch\/vela\/#website"},"primaryImageOfPage":{"@id":"https:\/\/www.ggarch.ch\/vela\/?page_id=17#primaryimage"},"image":{"@id":"https:\/\/www.ggarch.ch\/vela\/?page_id=17#primaryimage"},"thumbnailUrl":"http:\/\/www.ggarch.ch\/vela\/wp-content\/uploads\/2014\/04\/tn_P1100366-225x300.jpg","datePublished":"2014-02-18T19:50:13+00:00","dateModified":"2017-01-26T09:22:53+00:00","breadcrumb":{"@id":"https:\/\/www.ggarch.ch\/vela\/?page_id=17#breadcrumb"},"inLanguage":"it-IT","potentialAction":[{"@type":"ReadAction","target":["https:\/\/www.ggarch.ch\/vela\/?page_id=17"]}]},{"@type":"ImageObject","inLanguage":"it-IT","@id":"https:\/\/www.ggarch.ch\/vela\/?page_id=17#primaryimage","url":"https:\/\/www.ggarch.ch\/vela\/wp-content\/uploads\/2014\/04\/tn_P1100366.jpg","contentUrl":"https:\/\/www.ggarch.ch\/vela\/wp-content\/uploads\/2014\/04\/tn_P1100366.jpg","width":1500,"height":2000},{"@type":"BreadcrumbList","@id":"https:\/\/www.ggarch.ch\/vela\/?page_id=17#breadcrumb","itemListElement":[{"@type":"ListItem","position":1,"name":"Home","item":"https:\/\/www.ggarch.ch\/vela"},{"@type":"ListItem","position":2,"name":"la barca"}]},{"@type":"WebSite","@id":"https:\/\/www.ggarch.ch\/vela\/#website","url":"https:\/\/www.ggarch.ch\/vela\/","name":"3 mesi a vela in Mediterraneo - 2014","description":"Nicola Galli","publisher":{"@id":"https:\/\/www.ggarch.ch\/vela\/#\/schema\/person\/f879a53f969295066a7c469b62aaac93"},"potentialAction":[{"@type":"SearchAction","target":{"@type":"EntryPoint","urlTemplate":"https:\/\/www.ggarch.ch\/vela\/?s={search_term_string}"},"query-input":{"@type":"PropertyValueSpecification","valueRequired":true,"valueName":"search_term_string"}}],"inLanguage":"it-IT"},{"@type":["Person","Organization"],"@id":"https:\/\/www.ggarch.ch\/vela\/#\/schema\/person\/f879a53f969295066a7c469b62aaac93","name":"admin","image":{"@type":"ImageObject","inLanguage":"it-IT","@id":"https:\/\/www.ggarch.ch\/vela\/#\/schema\/person\/image\/","url":"https:\/\/www.ggarch.ch\/vela\/wp-content\/uploads\/2014\/07\/bandiera.jpg","contentUrl":"https:\/\/www.ggarch.ch\/vela\/wp-content\/uploads\/2014\/07\/bandiera.jpg","width":640,"height":480,"caption":"admin"},"logo":{"@id":"https:\/\/www.ggarch.ch\/vela\/#\/schema\/person\/image\/"}}]}},"_links":{"self":[{"href":"https:\/\/www.ggarch.ch\/vela\/index.php?rest_route=\/wp\/v2\/pages\/17"}],"collection":[{"href":"https:\/\/www.ggarch.ch\/vela\/index.php?rest_route=\/wp\/v2\/pages"}],"about":[{"href":"https:\/\/www.ggarch.ch\/vela\/index.php?rest_route=\/wp\/v2\/types\/page"}],"author":[{"embeddable":true,"href":"https:\/\/www.ggarch.ch\/vela\/index.php?rest_route=\/wp\/v2\/users\/1"}],"replies":[{"embeddable":true,"href":"https:\/\/www.ggarch.ch\/vela\/index.php?rest_route=%2Fwp%2Fv2%2Fcomments&post=17"}],"version-history":[{"count":17,"href":"https:\/\/www.ggarch.ch\/vela\/index.php?rest_route=\/wp\/v2\/pages\/17\/revisions"}],"predecessor-version":[{"id":467,"href":"https:\/\/www.ggarch.ch\/vela\/index.php?rest_route=\/wp\/v2\/pages\/17\/revisions\/467"}],"wp:attachment":[{"href":"https:\/\/www.ggarch.ch\/vela\/index.php?rest_route=%2Fwp%2Fv2%2Fmedia&parent=17"}],"curies":[{"name":"wp","href":"https:\/\/api.w.org\/{rel}","templated":true}]}}